{"id":6069,"date":"2025-07-22T04:23:27","date_gmt":"2025-07-22T04:23:27","guid":{"rendered":"http:\/\/floka.local\/?page_id=6069"},"modified":"2026-02-10T15:46:03","modified_gmt":"2026-02-10T14:46:03","slug":"kontakt","status":"publish","type":"page","link":"https:\/\/web387.com\/en\/kontakt\/","title":{"rendered":"Kontakt"},"content":{"rendered":"<div data-elementor-type=\"wp-page\" data-elementor-id=\"6069\" class=\"elementor elementor-6069\" data-elementor-post-type=\"page\">\n\t\t\t\t<div class=\"elementor-element elementor-element-e842371 e-con-full e-flex pxl-section-overflow-visible pxl-column-none pxl-section-fix-none pxl-bg-color-none e-con e-parent\" data-id=\"e842371\" data-element_type=\"container\" data-e-type=\"container\"><div class=\"elementor-element elementor-element-5df3ddd e-flex e-con-boxed pxl-section-overflow-visible pxl-column-none pxl-section-fix-none pxl-bg-color-none e-con e-child\" data-id=\"5df3ddd\" data-element_type=\"container\" data-e-type=\"container\" data-settings=\"{&quot;background_background&quot;:&quot;video&quot;,&quot;background_video_link&quot;:&quot;https:\\\/\\\/web387.com\\\/wp-content\\\/uploads\\\/2026\\\/02\\\/kontakt_header1.mov&quot;,&quot;background_play_on_mobile&quot;:&quot;yes&quot;}\">\t\t\t<div class=\"e-con-inner\">\r\n\t\t<div class=\"elementor-background-video-container\">\n\t\t\t\t\t\t\t<video class=\"elementor-background-video-hosted\" role=\"presentation\" autoplay muted playsinline loop><\/video>\n\t\t\t\t\t<\/div>\t\t<div class=\"elementor-element elementor-element-8c4fc47 elementor-widget elementor-widget-pxl_heading\" data-id=\"8c4fc47\" data-element_type=\"widget\" data-e-type=\"widget\" data-widget_type=\"pxl_heading.default\">\n\t\t\t\t<div class=\"elementor-widget-container\">\n\t\t\t\t\t\n<div id=\"pxl-pxl_heading-8c4fc47-6580\" class=\"pxl-heading\">\n\t<div class=\"pxl-heading--inner\">\n\t\t\n\t\t<h2 class=\"pxl-item--title  style-default highlight-default\" data-wow-delay=\"ms\">\n\n\t\t<span class=\"pxl-heading--text\">\n\n\t\t\t\t\t\t\tKontakt\t\n\t\t\t\t\n\n\t\t<\/span>\n\t\t<\/h2>\n\t\t\n\t<\/div>\n<\/div>\t\t\t\t<\/div>\n\t\t\t\t<\/div>\n\t\t\t\t<div class=\"elementor-element elementor-element-ccbe7a3 elementor-widget__width-initial elementor-widget elementor-widget-pxl_text_editor\" data-id=\"ccbe7a3\" data-element_type=\"widget\" data-e-type=\"widget\" data-widget_type=\"pxl_text_editor.default\">\n\t\t\t\t<div class=\"elementor-widget-container\">\n\t\t\t\t\t<div class=\"pxl-text-editor d-flex\">\n\t<div class=\"pxl-item--inner\" data-wow-delay=\"ms\">\n\t\t<p>Javite nam se &#8211; Web, shop ili kampanja \u2014 recite cilj, mi donosimo rje\u0161enje.<\/p>\t\t\n\t<\/div>\n<\/div>\t\t\t\t<\/div>\n\t\t\t\t<\/div>\n\t\t\t\t\t<\/div>\r\n\t\t\t\t<\/div>\r\n\t\t\t\t<\/div>\r\n\t\t<div class=\"elementor-element elementor-element-a2bcb8c e-con-full e-flex pxl-section-overflow-visible pxl-column-none pxl-section-fix-none pxl-bg-color-none e-con e-parent\" data-id=\"a2bcb8c\" data-element_type=\"container\" data-e-type=\"container\"><div class=\"elementor-element elementor-element-6dc4f0a e-flex e-con-boxed pxl-section-overflow-visible pxl-column-none pxl-section-fix-none pxl-bg-color-none e-con e-child\" data-id=\"6dc4f0a\" data-element_type=\"container\" data-e-type=\"container\" data-settings=\"{&quot;background_background&quot;:&quot;classic&quot;}\">\t\t\t<div class=\"e-con-inner\">\r\n\t\t\t\t<div class=\"elementor-element elementor-element-c64af29 elementor-widget elementor-widget-google_maps\" data-id=\"c64af29\" data-element_type=\"widget\" data-e-type=\"widget\" data-widget_type=\"google_maps.default\">\n\t\t\t\t\t\t\t<div class=\"elementor-custom-embed\">\n\t\t\t<iframe loading=\"lazy\"\n\t\t\t\t\tsrc=\"https:\/\/maps.google.com\/maps?q=Gradacacka%2026%2C%2071000%20Sarajevo&#038;t=m&#038;z=13&#038;output=embed&#038;iwloc=near\"\n\t\t\t\t\ttitle=\"Gradacacka 26, 71000 Sarajevo\"\n\t\t\t\t\taria-label=\"Gradacacka 26, 71000 Sarajevo\"\n\t\t\t><\/iframe>\n\t\t<\/div>\n\t\t\t\t\t\t<\/div>\n\t\t<div class=\"elementor-element elementor-element-25a50a9 e-con-full e-flex pxl-section-overflow-visible pxl-column-none pxl-section-fix-none pxl-bg-color-none e-con e-child\" data-id=\"25a50a9\" data-element_type=\"container\" data-e-type=\"container\"><div class=\"elementor-element elementor-element-f8f7fb7 e-con-full e-flex pxl-section-overflow-visible pxl-column-none pxl-section-fix-none pxl-bg-color-none e-con e-child\" data-id=\"f8f7fb7\" data-element_type=\"container\" data-e-type=\"container\">\t\t<div class=\"elementor-element elementor-element-fb0de24 elementor-widget elementor-widget-pxl_heading\" data-id=\"fb0de24\" data-element_type=\"widget\" data-e-type=\"widget\" data-widget_type=\"pxl_heading.default\">\n\t\t\t\t<div class=\"elementor-widget-container\">\n\t\t\t\t\t\n<div id=\"pxl-pxl_heading-fb0de24-6936\" class=\"pxl-heading\">\n\t<div class=\"pxl-heading--inner\">\n\t\t\t\t\t<div class=\"pxl-item--subtitle\" data-wow-delay=\"ms\">\n\t\t\t\t<span class=\"pxl-item--subtext\">\n\t\t\t\t\tKONTAKT\t\t\t\t<\/span>\n\t\t\t<\/div>\n\t\t\n\t\t<h2 class=\"pxl-item--title  style-default highlight-default pxl-split-text split-in-fade\" data-wow-delay=\"300ms\">\n\n\t\t<span class=\"pxl-heading--text\">\n\n\t\t\t\t\t\t\tRecite nam vi\u0161e o svom projektu \u2014 bilo da je rije\u010d o web stranici, web shop-u ili marketingu.\t\n\t\t\t\t\n\n\t\t<\/span>\n\t\t<\/h2>\n\t\t\n\t<\/div>\n<\/div>\t\t\t\t<\/div>\n\t\t\t\t<\/div>\n\t\t<div class=\"elementor-element elementor-element-0bd7fa1 e-con-full e-flex pxl-section-overflow-visible pxl-column-none pxl-section-fix-none pxl-bg-color-none e-con e-child\" data-id=\"0bd7fa1\" data-element_type=\"container\" data-e-type=\"container\">\t\t<div class=\"elementor-element elementor-element-c0e60c6 elementor-widget elementor-widget-pxl_heading\" data-id=\"c0e60c6\" data-element_type=\"widget\" data-e-type=\"widget\" data-widget_type=\"pxl_heading.default\">\n\t\t\t\t<div class=\"elementor-widget-container\">\n\t\t\t\t\t\n<div id=\"pxl-pxl_heading-c0e60c6-5336\" class=\"pxl-heading\">\n\t<div class=\"pxl-heading--inner\">\n\t\t\t\t\t<div class=\"pxl-item--subtitle\" data-wow-delay=\"ms\">\n\t\t\t\t<span class=\"pxl-item--subtext\">\n\t\t\t\t\t            <span class=\"pxl-image--highlight bg-image pxl-fl-middle\">\n                <img loading=\"lazy\" decoding=\"async\" width=\"14\" height=\"14\" src=\"https:\/\/web387.com\/wp-content\/uploads\/2025\/06\/home-1-icon-chat.svg\" class=\"attachment-full\" alt=\"\" \/>            <\/span>\n         POZOVITE NAS\t\t\t\t<\/span>\n\t\t\t<\/div>\n\t\t\n\t\t<h2 class=\"pxl-item--title  style-default highlight-default\" data-wow-delay=\"ms\">\n\n\t\t<span class=\"pxl-heading--text\">\n\n\t\t\t\t\t\t\tPosao i op\u0107e informacije +387 61 616 673\ninfo@web387.com\t\n\t\t\t\t\n\n\t\t<\/span>\n\t\t<\/h2>\n\t\t\n\t<\/div>\n<\/div>\t\t\t\t<\/div>\n\t\t\t\t<\/div>\n\t\t\t\t<div class=\"elementor-element elementor-element-a05a6ad elementor-widget elementor-widget-pxl_heading\" data-id=\"a05a6ad\" data-element_type=\"widget\" data-e-type=\"widget\" data-widget_type=\"pxl_heading.default\">\n\t\t\t\t<div class=\"elementor-widget-container\">\n\t\t\t\t\t\n<div id=\"pxl-pxl_heading-a05a6ad-4055\" class=\"pxl-heading\">\n\t<div class=\"pxl-heading--inner\">\n\t\t\t\t\t<div class=\"pxl-item--subtitle\" data-wow-delay=\"ms\">\n\t\t\t\t<span class=\"pxl-item--subtext\">\n\t\t\t\t\t            <span class=\"pxl-image--highlight bg-image pxl-fl-middle\">\n                <img loading=\"lazy\" decoding=\"async\" width=\"11\" height=\"14\" src=\"https:\/\/web387.com\/wp-content\/uploads\/2025\/06\/home-1-icon-location.svg\" class=\"attachment-full\" alt=\"\" \/>            <\/span>\n         adresa\t\t\t\t<\/span>\n\t\t\t<\/div>\n\t\t\n\t\t<h2 class=\"pxl-item--title  style-default highlight-default\" data-wow-delay=\"ms\">\n\n\t\t<span class=\"pxl-heading--text\">\n\n\t\t\t\t\t\t\tGrada\u010da\u010dka 26a, 71000 Sarajevo, Bosnia and Herzegovina\t\n\t\t\t\t\n\n\t\t<\/span>\n\t\t<\/h2>\n\t\t\n\t<\/div>\n<\/div>\t\t\t\t<\/div>\n\t\t\t\t<\/div>\n\t\t\t\t<\/div>\r\n\t\t\t\t<\/div>\r\n\t\t<div class=\"elementor-element elementor-element-116c3ee e-con-full e-flex pxl-section-overflow-visible pxl-column-none pxl-section-fix-none pxl-bg-color-none e-con e-child\" data-id=\"116c3ee\" data-element_type=\"container\" data-e-type=\"container\" data-settings=\"{&quot;background_background&quot;:&quot;classic&quot;}\">\t\t<div class=\"elementor-element elementor-element-d9cd70d elementor-widget elementor-widget-pxl_heading\" data-id=\"d9cd70d\" data-element_type=\"widget\" data-e-type=\"widget\" data-widget_type=\"pxl_heading.default\">\n\t\t\t\t<div class=\"elementor-widget-container\">\n\t\t\t\t\t\n<div id=\"pxl-pxl_heading-d9cd70d-6683\" class=\"pxl-heading\">\n\t<div class=\"pxl-heading--inner\">\n\t\t\n\t\t<h2 class=\"pxl-item--title  style-default highlight-default\" data-wow-delay=\"ms\">\n\n\t\t<span class=\"pxl-heading--text\">\n\n\t\t\t\t\t\t\tImate ideju za projekat?\t\n\t\t\t\t\n\n\t\t<\/span>\n\t\t<\/h2>\n\t\t\n\t<\/div>\n<\/div>\t\t\t\t<\/div>\n\t\t\t\t<\/div>\n\t\t\t\t<div class=\"elementor-element elementor-element-559ac53 elementor-widget elementor-widget-pxl_contact_form\" data-id=\"559ac53\" data-element_type=\"widget\" data-e-type=\"widget\" data-widget_type=\"pxl_contact_form.default\">\n\t\t\t\t<div class=\"elementor-widget-container\">\n\t\t\t\t\t    <div class=\"pxl-contact-form pxl-contact-form1 btn-w-auto scrolling-effect zoomIn\" data-wow-delay=\"ms\">\r\n        \n<div class=\"wpcf7 no-js\" id=\"wpcf7-f6-o1\" lang=\"en-US\" dir=\"ltr\" data-wpcf7-id=\"6\">\n<div class=\"screen-reader-response\"><p role=\"status\" aria-live=\"polite\" aria-atomic=\"true\"><\/p> <ul><\/ul><\/div>\n<form action=\"\/en\/wp-json\/wp\/v2\/pages\/6069#wpcf7-f6-o1\" method=\"post\" class=\"wpcf7-form init\" aria-label=\"Contact form\" novalidate=\"novalidate\" data-status=\"init\" data-trp-original-action=\"\/en\/wp-json\/wp\/v2\/pages\/6069#wpcf7-f6-o1\">\n<fieldset class=\"hidden-fields-container\"><input type=\"hidden\" name=\"_wpcf7\" value=\"6\" \/><input type=\"hidden\" name=\"_wpcf7_version\" value=\"6.1.5\" \/><input type=\"hidden\" name=\"_wpcf7_locale\" value=\"en_US\" \/><input type=\"hidden\" name=\"_wpcf7_unit_tag\" value=\"wpcf7-f6-o1\" \/><input type=\"hidden\" name=\"_wpcf7_container_post\" value=\"0\" \/><input type=\"hidden\" name=\"_wpcf7_posted_data_hash\" value=\"\" \/>\n<\/fieldset>\n<div class=\"contact--form contact-form1 row\">\n\t<div class=\"pxl-col col-xl-6 col-lg-6 col-md-6 col-sm-6 col-xs-12\">\n\t\t<p><span class=\"wpcf7-form-control-wrap\" data-name=\"text-352\"><input size=\"40\" maxlength=\"400\" class=\"wpcf7-form-control wpcf7-text wpcf7-validates-as-required\" aria-required=\"true\" aria-invalid=\"false\" placeholder=\"Ime ili naziv kompanije\" value=\"\" type=\"text\" name=\"text-352\" \/><\/span>\n\t\t<\/p>\n\t<\/div>\n\t<div class=\"pxl-col col-xl-6 col-lg-6 col-md-6 col-sm-6 col-xs-12\">\n\t\t<p><span class=\"wpcf7-form-control-wrap\" data-name=\"your-email\"><input size=\"40\" maxlength=\"400\" class=\"wpcf7-form-control wpcf7-email wpcf7-validates-as-required wpcf7-text wpcf7-validates-as-email\" autocomplete=\"email\" aria-required=\"true\" aria-invalid=\"false\" placeholder=\"Email\" value=\"\" type=\"email\" name=\"your-email\" \/><\/span>\n\t\t<\/p>\n\t<\/div>\n\t<div class=\"pxl-col col-xl-6 col-lg-6 col-md-6 col-sm-6 col-xs-12\">\n\t\t<h3 class= \"pxl-ctf-title\"><br \/>\nBud\u017eet\n\t\t<\/h3>\n\t\t<p><span class=\"wpcf7-form-control-wrap\" data-name=\"select-629\"><select class=\"wpcf7-form-control wpcf7-select\" aria-invalid=\"false\" name=\"select-629\"><option value=\"\">500-1000 KM<\/option><option value=\"1000-2000 KM\">1000-2000 KM<\/option><option value=\"2000 - 3000KM\">2000 - 3000KM<\/option><option value=\"4000 i vi\u0161e\">4000 i vi\u0161e<\/option><\/select><\/span>\n\t\t<\/p>\n\t<\/div>\n\t<div class=\"pxl-col col-xl-6 col-lg-6 col-md-6 col-sm-6 col-xs-12\">\n\t\t<h3 class= \"pxl-ctf-title\"><br \/>\nUsluga\n\t\t<\/h3>\n\t\t<p><span class=\"wpcf7-form-control-wrap\" data-name=\"select-628\"><select class=\"wpcf7-form-control wpcf7-select\" aria-invalid=\"false\" name=\"select-628\"><option value=\"\">WEB - WEB Shop<\/option><option value=\"Grafi\u010dki dizajn\">Grafi\u010dki dizajn<\/option><option value=\"Marketing\">Marketing<\/option><option value=\"Email marketing\">Email marketing<\/option><\/select><\/span>\n\t\t<\/p>\n\t<\/div>\n\t<div class=\"pxl-col col-xl-12\">\n\t\t<p><span class=\"wpcf7-form-control-wrap\" data-name=\"textarea-250\"><textarea cols=\"40\" rows=\"10\" maxlength=\"2000\" class=\"wpcf7-form-control wpcf7-textarea\" aria-invalid=\"false\" placeholder=\"Va\u0161a poruka\" name=\"textarea-250\"><\/textarea><\/span>\n\t\t<\/p>\n\t<\/div>\n\t<div class=\"pxl-col col-xl-12\">\n\t\t<p><button type=\"submit\" class=\"btn wpcf7-submit wpcf7-btn-abs\" ><br \/>\n<span class=\"pxl--btn-icon\"><br \/>\n<svg width=\"11\" height=\"11\" viewbox=\"0 0 11 11\" fill=\"none\" xmlns=\"http:\/\/www.w3.org\/2000\/svg\">\n<path d=\"M10.2812 5.09375C10.3906 5.09375 10.5 5.20312 10.5 5.3125V6.1875C10.5 6.32422 10.3906 6.40625 10.2812 6.40625H5.90625V10.7812C5.90625 10.918 5.79688 11 5.6875 11H4.8125C4.67578 11 4.59375 10.918 4.59375 10.7812V6.40625H0.21875C0.0820312 6.40625 0 6.32422 0 6.1875V5.3125C0 5.20312 0.0820312 5.09375 0.21875 5.09375H4.59375V0.71875C4.59375 0.609375 4.67578 0.5 4.8125 0.5H5.6875C5.79688 0.5 5.90625 0.609375 5.90625 0.71875V5.09375H10.2812Z\" fill=\"white\"\/>\n<\/svg><br \/>\n<\/span><br \/>\nPo\u0161alji<br \/>\n<\/button>\n\t\t<\/p>\n\t<\/div>\n<\/div><div class=\"wpcf7-response-output\" aria-hidden=\"true\"><\/div>\n<input type=\"hidden\" name=\"trp-form-language\" value=\"en\"\/><\/form>\n<\/div>\n    <\/div>\r\n\t\t\t\t<\/div>\n\t\t\t\t<\/div>\n\t\t\t\t<\/div>\r\n\t\t\t\t<\/div>\r\n\t\t\t\t\t<\/div>\r\n\t\t\t\t<\/div>\r\n\t\t\t\t<\/div>\r\n\t\t\t\t<\/div>","protected":false},"excerpt":{"rendered":"<p>Kontakt Javite nam se \u2013 Web, shop ili kampanja \u2014 recite cilj, mi donosimo rje\u0161enje. KONTAKT Recite nam vi\u0161e o svom projektu \u2014 bilo da je rije\u010d o web stranici, web shop-u ili marketingu. POZOVITE NAS Posao i op\u0107e informacije +387 61 616 673 info@web387.com adresa Grada\u010da\u010dka 26a, 71000 Sarajevo, Bosnia and Herzegovina Imate ideju [&hellip;]<\/p>\n","protected":false},"author":1,"featured_media":0,"parent":0,"menu_order":0,"comment_status":"closed","ping_status":"closed","template":"","meta":{"_acf_changed":false,"footnotes":""},"class_list":["post-6069","page","type-page","status-publish","hentry"],"acf":[],"_links":{"self":[{"href":"https:\/\/web387.com\/en\/wp-json\/wp\/v2\/pages\/6069","targetHints":{"allow":["GET"]}}],"collection":[{"href":"https:\/\/web387.com\/en\/wp-json\/wp\/v2\/pages"}],"about":[{"href":"https:\/\/web387.com\/en\/wp-json\/wp\/v2\/types\/page"}],"author":[{"embeddable":true,"href":"https:\/\/web387.com\/en\/wp-json\/wp\/v2\/users\/1"}],"replies":[{"embeddable":true,"href":"https:\/\/web387.com\/en\/wp-json\/wp\/v2\/comments?post=6069"}],"version-history":[{"count":32,"href":"https:\/\/web387.com\/en\/wp-json\/wp\/v2\/pages\/6069\/revisions"}],"predecessor-version":[{"id":11081,"href":"https:\/\/web387.com\/en\/wp-json\/wp\/v2\/pages\/6069\/revisions\/11081"}],"wp:attachment":[{"href":"https:\/\/web387.com\/en\/wp-json\/wp\/v2\/media?parent=6069"}],"curies":[{"name":"wp","href":"https:\/\/api.w.org\/{rel}","templated":true}]}}